{"id":5186,"date":"2023-03-09T16:16:50","date_gmt":"2023-03-09T20:16:50","guid":{"rendered":"https:\/\/www.victimadvocate.com\/ubicacion-del-incidente\/"},"modified":"2023-11-28T00:53:53","modified_gmt":"2023-11-28T04:53:53","slug":"ubicacion-del-incidente","status":"publish","type":"page","link":"https:\/\/www.victimadvocate.com\/es\/ubicacion-del-incidente\/","title":{"rendered":"Ubicaci\u00f3n del Incidente"},"content":{"rendered":"","protected":false},"excerpt":{"rendered":"<a href=\"https:\/\/www.victimadvocate.com\/es\/ubicacion-del-incidente\/\" class=\"read-more-btn\">[...]<\/a>","protected":false},"author":7,"featured_media":5516,"parent":0,"menu_order":0,"comment_status":"closed","ping_status":"closed","template":"top-level-pages-with-leadins.php","meta":{"_acf_changed":false,"inline_featured_image":false,"footnotes":""},"class_list":["post-5186","page","type-page","status-publish","has-post-thumbnail","hentry"],"acf":[],"yoast_head":"<!-- This site is optimized with the Yoast SEO plugin v27.3 - https:\/\/yoast.com\/product\/yoast-seo-wordpress\/ -->\n<title>Ubicaciones de Incidentes | Asesor\u00eda Legal<\/title>\n<meta name=\"description\" content=\"Victim Advocate ofrece asesor\u00eda legal en diversas ubicaciones de incidentes, garantizando representaci\u00f3n efectiva y personalizada para tus necesidades legales.\" \/>\n<meta name=\"robots\" content=\"index, follow, max-snippet:-1, max-image-preview:large, max-video-preview:-1\" \/>\n<link rel=\"canonical\" href=\"https:\/\/www.victimadvocate.com\/es\/ubicacion-del-incidente\/\" \/>\n<meta property=\"og:locale\" content=\"es_ES\" \/>\n<meta property=\"og:type\" content=\"article\" \/>\n<meta property=\"og:title\" content=\"Ubicaciones de Incidentes | Asesor\u00eda Legal\" \/>\n<meta property=\"og:description\" content=\"Victim Advocate ofrece asesor\u00eda legal en diversas ubicaciones de incidentes, garantizando representaci\u00f3n efectiva y personalizada para tus necesidades legales.\" \/>\n<meta property=\"og:url\" content=\"https:\/\/www.victimadvocate.com\/es\/ubicacion-del-incidente\/\" \/>\n<meta property=\"og:site_name\" content=\"VictimAdvocate.com\" \/>\n<meta property=\"article:publisher\" content=\"https:\/\/www.facebook.com\/steinlawattorneys\" \/>\n<meta property=\"article:modified_time\" content=\"2023-11-28T04:53:53+00:00\" \/>\n<meta property=\"og:image\" content=\"https:\/\/www.victimadvocate.com\/wp-content\/uploads\/2024\/04\/1-1024x439.png\" \/>\n\t<meta property=\"og:image:width\" content=\"1024\" \/>\n\t<meta property=\"og:image:height\" content=\"439\" \/>\n\t<meta property=\"og:image:type\" content=\"image\/png\" \/>\n<meta name=\"twitter:label1\" content=\"Tiempo de lectura\" \/>\n\t<meta name=\"twitter:data1\" content=\"1 minuto\" \/>\n<script type=\"application\/ld+json\" class=\"yoast-schema-graph\">{\"@context\":\"https:\\\/\\\/schema.org\",\"@graph\":[{\"@type\":\"WebPage\",\"@id\":\"https:\\\/\\\/www.victimadvocate.com\\\/es\\\/ubicacion-del-incidente\\\/\",\"url\":\"https:\\\/\\\/www.victimadvocate.com\\\/es\\\/ubicacion-del-incidente\\\/\",\"name\":\"Ubicaciones de Incidentes | Asesor\u00eda Legal\",\"isPartOf\":{\"@id\":\"https:\\\/\\\/www.victimadvocate.com\\\/es\\\/#website\"},\"primaryImageOfPage\":{\"@id\":\"https:\\\/\\\/www.victimadvocate.com\\\/es\\\/ubicacion-del-incidente\\\/#primaryimage\"},\"image\":{\"@id\":\"https:\\\/\\\/www.victimadvocate.com\\\/es\\\/ubicacion-del-incidente\\\/#primaryimage\"},\"thumbnailUrl\":\"https:\\\/\\\/www.victimadvocate.com\\\/wp-content\\\/uploads\\\/2024\\\/04\\\/1.png\",\"datePublished\":\"2023-03-09T20:16:50+00:00\",\"dateModified\":\"2023-11-28T04:53:53+00:00\",\"description\":\"Victim Advocate ofrece asesor\u00eda legal en diversas ubicaciones de incidentes, garantizando representaci\u00f3n efectiva y personalizada para tus necesidades legales.\",\"inLanguage\":\"es\",\"potentialAction\":[{\"@type\":\"ReadAction\",\"target\":[\"https:\\\/\\\/www.victimadvocate.com\\\/es\\\/ubicacion-del-incidente\\\/\"]}]},{\"@type\":\"ImageObject\",\"inLanguage\":\"es\",\"@id\":\"https:\\\/\\\/www.victimadvocate.com\\\/es\\\/ubicacion-del-incidente\\\/#primaryimage\",\"url\":\"https:\\\/\\\/www.victimadvocate.com\\\/wp-content\\\/uploads\\\/2024\\\/04\\\/1.png\",\"contentUrl\":\"https:\\\/\\\/www.victimadvocate.com\\\/wp-content\\\/uploads\\\/2024\\\/04\\\/1.png\",\"width\":1920,\"height\":824,\"caption\":\"Broward County Victim Advocate\"},{\"@type\":\"WebSite\",\"@id\":\"https:\\\/\\\/www.victimadvocate.com\\\/es\\\/#website\",\"url\":\"https:\\\/\\\/www.victimadvocate.com\\\/es\\\/\",\"name\":\"VictimAdvocate.com\",\"description\":\"\",\"publisher\":{\"@id\":\"https:\\\/\\\/www.victimadvocate.com\\\/es\\\/#organization\"},\"potentialAction\":[{\"@type\":\"SearchAction\",\"target\":{\"@type\":\"EntryPoint\",\"urlTemplate\":\"https:\\\/\\\/www.victimadvocate.com\\\/es\\\/?s={search_term_string}\"},\"query-input\":{\"@type\":\"PropertyValueSpecification\",\"valueRequired\":true,\"valueName\":\"search_term_string\"}}],\"inLanguage\":\"es\"},{\"@type\":\"Organization\",\"@id\":\"https:\\\/\\\/www.victimadvocate.com\\\/es\\\/#organization\",\"name\":\"VictimAdvocate.com\",\"url\":\"https:\\\/\\\/www.victimadvocate.com\\\/es\\\/\",\"logo\":{\"@type\":\"ImageObject\",\"inLanguage\":\"es\",\"@id\":\"https:\\\/\\\/www.victimadvocate.com\\\/es\\\/#\\\/schema\\\/logo\\\/image\\\/\",\"url\":\"https:\\\/\\\/www.victimadvocate.com\\\/wp-content\\\/uploads\\\/2022\\\/08\\\/aboutus-3-updated.jpg\",\"contentUrl\":\"https:\\\/\\\/www.victimadvocate.com\\\/wp-content\\\/uploads\\\/2022\\\/08\\\/aboutus-3-updated.jpg\",\"width\":613,\"height\":414,\"caption\":\"VictimAdvocate.com\"},\"image\":{\"@id\":\"https:\\\/\\\/www.victimadvocate.com\\\/es\\\/#\\\/schema\\\/logo\\\/image\\\/\"},\"sameAs\":[\"https:\\\/\\\/www.facebook.com\\\/steinlawattorneys\",\"https:\\\/\\\/x.com\\\/thesteinlaw\",\"https:\\\/\\\/www.instagram.com\\\/p\\\/BvMpNT-lnOv\\\/\",\"https:\\\/\\\/www.youtube.com\\\/channel\\\/UCSE3a01O_ZkqfbmKUaLi-mw\"]}]}<\/script>\n<!-- \/ Yoast SEO plugin. -->","yoast_head_json":{"title":"Ubicaciones de Incidentes | Asesor\u00eda Legal","description":"Victim Advocate ofrece asesor\u00eda legal en diversas ubicaciones de incidentes, garantizando representaci\u00f3n efectiva y personalizada para tus necesidades legales.","robots":{"index":"index","follow":"follow","max-snippet":"max-snippet:-1","max-image-preview":"max-image-preview:large","max-video-preview":"max-video-preview:-1"},"canonical":"https:\/\/www.victimadvocate.com\/es\/ubicacion-del-incidente\/","og_locale":"es_ES","og_type":"article","og_title":"Ubicaciones de Incidentes | Asesor\u00eda Legal","og_description":"Victim Advocate ofrece asesor\u00eda legal en diversas ubicaciones de incidentes, garantizando representaci\u00f3n efectiva y personalizada para tus necesidades legales.","og_url":"https:\/\/www.victimadvocate.com\/es\/ubicacion-del-incidente\/","og_site_name":"VictimAdvocate.com","article_publisher":"https:\/\/www.facebook.com\/steinlawattorneys","article_modified_time":"2023-11-28T04:53:53+00:00","og_image":[{"width":1024,"height":439,"url":"https:\/\/www.victimadvocate.com\/wp-content\/uploads\/2024\/04\/1-1024x439.png","type":"image\/png"}],"twitter_misc":{"Tiempo de lectura":"1 minuto"},"schema":{"@context":"https:\/\/schema.org","@graph":[{"@type":"WebPage","@id":"https:\/\/www.victimadvocate.com\/es\/ubicacion-del-incidente\/","url":"https:\/\/www.victimadvocate.com\/es\/ubicacion-del-incidente\/","name":"Ubicaciones de Incidentes | Asesor\u00eda Legal","isPartOf":{"@id":"https:\/\/www.victimadvocate.com\/es\/#website"},"primaryImageOfPage":{"@id":"https:\/\/www.victimadvocate.com\/es\/ubicacion-del-incidente\/#primaryimage"},"image":{"@id":"https:\/\/www.victimadvocate.com\/es\/ubicacion-del-incidente\/#primaryimage"},"thumbnailUrl":"https:\/\/www.victimadvocate.com\/wp-content\/uploads\/2024\/04\/1.png","datePublished":"2023-03-09T20:16:50+00:00","dateModified":"2023-11-28T04:53:53+00:00","description":"Victim Advocate ofrece asesor\u00eda legal en diversas ubicaciones de incidentes, garantizando representaci\u00f3n efectiva y personalizada para tus necesidades legales.","inLanguage":"es","potentialAction":[{"@type":"ReadAction","target":["https:\/\/www.victimadvocate.com\/es\/ubicacion-del-incidente\/"]}]},{"@type":"ImageObject","inLanguage":"es","@id":"https:\/\/www.victimadvocate.com\/es\/ubicacion-del-incidente\/#primaryimage","url":"https:\/\/www.victimadvocate.com\/wp-content\/uploads\/2024\/04\/1.png","contentUrl":"https:\/\/www.victimadvocate.com\/wp-content\/uploads\/2024\/04\/1.png","width":1920,"height":824,"caption":"Broward County Victim Advocate"},{"@type":"WebSite","@id":"https:\/\/www.victimadvocate.com\/es\/#website","url":"https:\/\/www.victimadvocate.com\/es\/","name":"VictimAdvocate.com","description":"","publisher":{"@id":"https:\/\/www.victimadvocate.com\/es\/#organization"},"potentialAction":[{"@type":"SearchAction","target":{"@type":"EntryPoint","urlTemplate":"https:\/\/www.victimadvocate.com\/es\/?s={search_term_string}"},"query-input":{"@type":"PropertyValueSpecification","valueRequired":true,"valueName":"search_term_string"}}],"inLanguage":"es"},{"@type":"Organization","@id":"https:\/\/www.victimadvocate.com\/es\/#organization","name":"VictimAdvocate.com","url":"https:\/\/www.victimadvocate.com\/es\/","logo":{"@type":"ImageObject","inLanguage":"es","@id":"https:\/\/www.victimadvocate.com\/es\/#\/schema\/logo\/image\/","url":"https:\/\/www.victimadvocate.com\/wp-content\/uploads\/2022\/08\/aboutus-3-updated.jpg","contentUrl":"https:\/\/www.victimadvocate.com\/wp-content\/uploads\/2022\/08\/aboutus-3-updated.jpg","width":613,"height":414,"caption":"VictimAdvocate.com"},"image":{"@id":"https:\/\/www.victimadvocate.com\/es\/#\/schema\/logo\/image\/"},"sameAs":["https:\/\/www.facebook.com\/steinlawattorneys","https:\/\/x.com\/thesteinlaw","https:\/\/www.instagram.com\/p\/BvMpNT-lnOv\/","https:\/\/www.youtube.com\/channel\/UCSE3a01O_ZkqfbmKUaLi-mw"]}]}},"_links":{"self":[{"href":"https:\/\/www.victimadvocate.com\/es\/wp-json\/wp\/v2\/pages\/5186","targetHints":{"allow":["GET"]}}],"collection":[{"href":"https:\/\/www.victimadvocate.com\/es\/wp-json\/wp\/v2\/pages"}],"about":[{"href":"https:\/\/www.victimadvocate.com\/es\/wp-json\/wp\/v2\/types\/page"}],"author":[{"embeddable":true,"href":"https:\/\/www.victimadvocate.com\/es\/wp-json\/wp\/v2\/users\/7"}],"replies":[{"embeddable":true,"href":"https:\/\/www.victimadvocate.com\/es\/wp-json\/wp\/v2\/comments?post=5186"}],"version-history":[{"count":0,"href":"https:\/\/www.victimadvocate.com\/es\/wp-json\/wp\/v2\/pages\/5186\/revisions"}],"wp:featuredmedia":[{"embeddable":true,"href":"https:\/\/www.victimadvocate.com\/es\/wp-json\/wp\/v2\/media\/5516"}],"wp:attachment":[{"href":"https:\/\/www.victimadvocate.com\/es\/wp-json\/wp\/v2\/media?parent=5186"}],"curies":[{"name":"wp","href":"https:\/\/api.w.org\/{rel}","templated":true}]}}